{"id":15287,"date":"2023-11-13T01:00:09","date_gmt":"2023-11-13T01:00:09","guid":{"rendered":"https:\/\/abcdstudy2.wpenginepowered.com\/youth-resources-prevention\/"},"modified":"2026-01-15T14:03:11","modified_gmt":"2026-01-15T22:03:11","slug":"youth-resources-prevention","status":"publish","type":"page","link":"https:\/\/abcdstudy.org\/es\/youth-resources\/youth-resources-prevention\/","title":{"rendered":"Informaci\u00f3n Sobre el Consumo de Sustancias"},"content":{"rendered":"<div class=\"wpb-content-wrapper\">[vc_row css=\u00bb.vc_custom_1699851745471{background-color: #ecbc1c !important;}\u00bb][vc_column css=\u00bb.vc_custom_1710887330475{padding-top: 0px !important;}\u00bb]<img decoding=\"async\" class=\"sp-image sp-image-align-center img-fluid\" src=\"https:\/\/abcdstudy.org\/wp-content\/uploads\/2024\/05\/substance-use-information-resources-spanish.jpg\" srcset=\"https:\/\/abcdstudy.org\/wp-content\/uploads\/2024\/05\/substance-use-information-resources-spanish.jpg 1920w, https:\/\/abcdstudy.org\/wp-content\/uploads\/2024\/05\/substance-use-information-resources-spanish-300x27.jpg 300w, https:\/\/abcdstudy.org\/wp-content\/uploads\/2024\/05\/substance-use-information-resources-spanish-1024x93.jpg 1024w, https:\/\/abcdstudy.org\/wp-content\/uploads\/2024\/05\/substance-use-information-resources-spanish-768x70.jpg 768w, https:\/\/abcdstudy.org\/wp-content\/uploads\/2024\/05\/substance-use-information-resources-spanish-1536x140.jpg 1536w\" sizes=\"(max-width: 1920px) 100vw, 1920px\" width=\"1920\" height=\"175\"\/>[\/vc_column][\/vc_row]<section class=\"sp-section\"><div class=\"sp-section-inner\"><div class=\"sp-section-container\">[vc_column_text css=\u00bb\u00bb el_class=\u00bbmb-lg\u00bb]<a href=\"https:\/\/abcdstudy.org\/es\/youth-resources\/\"><small>&gt; Resources Home Page<\/small><\/a>\r\n<h4>Informaci\u00f3n Sobre el Consumo de Sustancias Para los Participantes en el Estudio de ABCD\u00ae\r\n<img decoding=\"async\" class=\"alignnone size-full wp-image-13211\" src=\"https:\/\/abcdstudy.org\/wp-content\/uploads\/2023\/11\/line.gif\" alt=\"\" width=\"42\" height=\"2\" \/><\/h4>\r\nComo parte del estudio de ABCD \u00ae, le ofrecemos informaci\u00f3n sobre el consumo de alcohol y drogas a todos, y qu\u00e9 hacer si t\u00fa o alguno de tus amigos tiene una emergencia.\r\n\r\n<a name=\"private\"><\/a>[\/vc_column_text][vc_column_text el_class=\u00bbmb-lg\u00bb][\/vc_column_text][vc_row][vc_column width=\u00bb1\/5&#8243;]<a class=\"sp-image-link\" href=\"https:\/\/abcdstudy.org\/es\/youth-resources-prevention\/#private\"><img decoding=\"async\" class=\"sp-image img-fluid\" src=\"https:\/\/abcdstudy.org\/wp-content\/uploads\/2024\/05\/substance-1_2.gif\" sizes=\"(max-width: 193px) 100vw, 193px\" width=\"193\" height=\"139\"\/><\/a>[\/vc_column][vc_column width=\u00bb1\/5&#8243;]<a class=\"sp-image-link\" href=\"https:\/\/abcdstudy.org\/es\/youth-resources-prevention\/#why-risky\"><img decoding=\"async\" class=\"sp-image img-fluid\" src=\"https:\/\/abcdstudy.org\/wp-content\/uploads\/2024\/05\/substance-2_2.gif\" sizes=\"(max-width: 193px) 100vw, 193px\" width=\"193\" height=\"139\"\/><\/a>[\/vc_column][vc_column width=\u00bb1\/5&#8243;]<a class=\"sp-image-link\" href=\"https:\/\/abcdstudy.org\/es\/youth-resources-prevention\/#avoid-risk\"><img decoding=\"async\" class=\"sp-image img-fluid\" src=\"https:\/\/abcdstudy.org\/wp-content\/uploads\/2024\/05\/substance-3_2.gif\" sizes=\"(max-width: 193px) 100vw, 193px\" width=\"193\" height=\"139\"\/><\/a>[\/vc_column][vc_column width=\u00bb1\/5&#8243;]<a class=\"sp-image-link\" href=\"https:\/\/abcdstudy.org\/es\/youth-resources-prevention\/#overdosing\"><img decoding=\"async\" class=\"sp-image img-fluid\" src=\"https:\/\/abcdstudy.org\/wp-content\/uploads\/2024\/05\/substance-4_2.gif\" sizes=\"(max-width: 193px) 100vw, 193px\" width=\"193\" height=\"139\"\/><\/a>[\/vc_column][vc_column width=\u00bb1\/5&#8243;]<a class=\"sp-image-link\" href=\"https:\/\/abcdstudy.org\/es\/youth-resources-prevention\/#treatment\"><img decoding=\"async\" class=\"sp-image img-fluid\" src=\"https:\/\/abcdstudy.org\/wp-content\/uploads\/2024\/05\/substance-5_2.gif\" sizes=\"(max-width: 193px) 100vw, 193px\" width=\"193\" height=\"139\"\/><\/a>[\/vc_column][\/vc_row]<\/div><\/div><\/section><section class=\"sp-section sp-section-lighter\"><div class=\"sp-section-inner\"><div class=\"sp-section-container\">[vc_column_text css=\u00bb\u00bb el_class=\u00bbmb-lg\u00bb]\r\n<h4>Lo Que Nos Cuentes es Privado,\r\na Menos Que Necesites Atenci\u00f3n M\u00e9dica de Emergencia\r\n<img decoding=\"async\" class=\"alignnone size-full wp-image-13211\" src=\"https:\/\/abcdstudy.org\/wp-content\/uploads\/2023\/11\/line.gif\" alt=\"\" width=\"42\" height=\"2\" \/><\/h4>\r\nSi nos cuentas que consumes alcohol o drogas durante t\u00fa visita para el estudio, mantendremos esa informaci\u00f3n privada y confidencial a menos que creamos que tu consumo actual de esas sustancias sea una amenaza inmediata para tu vida en el momento de la evaluaci\u00f3n . Por ejemplo, el consumo de alcohol y drogas puede provocar una sobredosis que puede poner en peligro la vida de una persona.\r\n\r\nSi nos preocupa tu seguridad y creemos que necesitas atenci\u00f3n m\u00e9dica inmediata, te lo notificaremos a ti y a tus padres o guardianes y ayudaremos a conseguir asistencia m\u00e9dica inmediata, lo que puede incluir llamar al 911.<a name=\"why-risky\"><\/a>[\/vc_column_text]<\/div><\/div><\/section><section class=\"sp-section\"><div class=\"sp-section-inner\"><div class=\"sp-section-container\">[vc_column_text css=\u00bb\u00bb el_class=\u00bbmb-lg\u00bb]\r\n<h4><img decoding=\"async\" class=\"size-full wp-image-13192 alignright\" src=\"https:\/\/abcdstudy.org\/wp-content\/uploads\/2023\/11\/Brain.gif\" alt=\"Brain\" width=\"300\" height=\"256\" \/><\/h4>\r\n<h4>Los Efectos del Consumo de Sustancias\r\nen los J\u00f3venes<strong>\r\n<\/strong><img decoding=\"async\" class=\"alignnone size-full wp-image-13211\" src=\"https:\/\/abcdstudy.org\/wp-content\/uploads\/2023\/11\/line.gif\" alt=\"\" width=\"42\" height=\"2\" \/><\/h4>\r\nEl cerebro adolescente se encuentra en una etapa cr\u00edtica de desarrollo, y la corteza prefrontal, que es la responsable de la toma de decisiones y el control de los impulsos, a\u00fan se est\u00e1 desarrollando. Esta fase, junto con una mayor influencia de los compa\u00f1eros, la curiosidad y el deseo de experimentar, ofrece oportunidades para que los adolescentes formen su identidad adulta. Sin embargo, tambi\u00e9n puede llevar a los j\u00f3venes a participar en comportamientos como el consumo de sustancias que pueden da\u00f1ar la salud o resultar en da\u00f1o f\u00edsico. Los adolescentes pueden sentir que el consumo de las sustancias mejora su salud mental o ayuda a superar barreras, pero a menudo puede tener efectos perjudiciales para la salud f\u00edsica y mental, especialmente si se consumen con frecuencia.\r\n\r\nLas investigaciones han demostrado que el consumo de las sustancias durante este per\u00edodo cr\u00edtico puede interferir con el desarrollo normal de las regiones del cerebro, incluida la corteza prefrontal, causando dificultades en la autorregulaci\u00f3n y el control de los impulsos. Uso de sustancias en etapas tempranas pone a los adolescentes en mayor riesgo de adicci\u00f3n y da\u00f1os a largo plazo.\r\n\r\nConsulta los siguientes recursos para obtener m\u00e1s informaci\u00f3n sobre los riesgos asociados con el consumo de sustancias y por qu\u00e9 los j\u00f3venes son especialmente vulnerables.\r\n<ul>\r\n \t<li><strong>Sobredosis de Alcohol<\/strong>:\r\n<a href=\"https:\/\/store.samhsa.gov\/sites\/default\/files\/pep22-03-03-002.pdf\" target=\"_blank\" rel=\"noopener\">https:\/\/store.samhsa.gov\/sites\/default\/files\/pep22-03-03-002.pdf<\/a><\/li>\r\n \t<li><strong>Qu\u00e9 Pasa Cuando se Combinan las Drogas:<\/strong>\r\n<a href=\"https:\/\/nida.nih.gov\/videos\/what-happens-when-drugs-are-combined\" target=\"_blank\" rel=\"noopener\">https:\/\/nida.nih.gov\/videos\/what-happens-when-drugs-are-combined <\/a>(en ingl\u00e9s)<\/li>\r\n \t<li><strong>Vapeo<\/strong>:\r\n<a href=\"https:\/\/www.lung.org\/getmedia\/40af8d30-2ca6-4bc4-8d9a-fc3f0d81d230\/cigarrillos-electronicos-adolescentes.pdf\" target=\"_blank\" rel=\"noopener\">https:\/\/www.lung.org\/getmedia\/40af8d30-2ca6-4bc4-8d9a-fc3f0d81d230\/cigarrillos-electronicos-adolescentes.pdf<\/a><\/li>\r\n \t<li><strong>Nicotina<\/strong>:\r\n<a href=\"https:\/\/teen.smokefree.gov\/the-risks-of-tobacco\" target=\"_blank\" rel=\"noopener\">https:\/\/teen.smokefree.gov\/the-risks-of-tobacco <\/a>(en ingl\u00e9s)<\/li>\r\n \t<li><strong>Cannabis\/Marihuana<\/strong>:\r\n<a href=\"https:\/\/store.samhsa.gov\/sites\/default\/files\/pep20-03-03-011.pdf\" target=\"_blank\" rel=\"noopener\">https:\/\/store.samhsa.gov\/sites\/default\/files\/pep20-03-03-011.pdf<\/a><\/li>\r\n \t<li><strong>Uso de M\u00faltiples Sustancias<\/strong>:\r\n<a href=\"https:\/\/www.cdc.gov\/stop-overdose\/caring\/polysubstance-use.html\" target=\"_blank\" rel=\"noopener\">https:\/\/www.cdc.gov\/stop-overdose\/caring\/polysubstance-use.html <\/a>(en ingl\u00e9s)<\/li>\r\n \t<li><strong>La Juventud y la Adicci\u00f3n:<\/strong>\r\n<a href=\"https:\/\/endtheloop.wixsite.com\/endtheloop\/post\/why-teens-are-more-vulnerable-to-addiction-than-adults\" target=\"_blank\" rel=\"noopener\">https:\/\/endtheloop.wixsite.com\/endtheloop\/post\/why-teens-are-more-vulnerable-to-addiction-than-adults <\/a>(en ingl\u00e9s)\r\n<a href=\"https:\/\/info.mstservices.com\/teen-drug-use-infographic\" target=\"_blank\" rel=\"noopener\">https:\/\/info.mstservices.com\/teen-drug-use-infographic <\/a>(en ingl\u00e9s)<\/li>\r\n<\/ul>\r\n<strong>\u00bfPor Qu\u00e9 es Peligroso el Fentanilo?<\/strong>\r\n\r\nEl fentanilo es un opioide sint\u00e9tico y potente que a veces se agrega a otras drogas, como la hero\u00edna, coca\u00edna o cannabis. Esto puede ser extremadamente peligroso porque incluso una peque\u00f1a cantidad de fentanilo puede ser mortal. Cualquier medicamento que no te haya sido recetado por un m\u00e9dico, podr\u00eda contener una dosis mortal de fentanilo. En el a\u00f1o 2020, 76% de las muertes por sobredosis de drogas en j\u00f3venes de 14 a 23 a\u00f1os fueron relacionadas con el fentanilo.\r\n<ul>\r\n \t<li><strong>Sobre el Fentanilo<\/strong>:\r\n<a href=\"https:\/\/realdealonfentanyl.com\/es\" target=\"_blank\" rel=\"noopener\">https:\/\/realdealonfentanyl.com\/es<\/a><\/li>\r\n \t<li><strong>Detengamos la Sobredosis de Fentanilo<\/strong>:\r\n<a href=\"https:\/\/www.cdc.gov\/stop-overdose\/caring\/fentanyl-facts.html\" target=\"_blank\" rel=\"noopener\">https:\/\/www.cdc.gov\/stop-overdose\/caring\/fentanyl-facts.html <\/a>(en ingl\u00e9s)<\/li>\r\n<\/ul>\r\n<a name=\"avoid-risk\"><\/a>[\/vc_column_text]<\/div><\/div><\/section><section class=\"sp-section sp-section-lighter\"><div class=\"sp-section-inner\"><div class=\"sp-section-container\">[vc_column_text css=\u00bb\u00bb el_class=\u00bbmb-lg\u00bb]\r\n<h4>Datos Sobre el Consumo de Alcohol\r\n<img decoding=\"async\" class=\"alignnone size-full wp-image-13211\" src=\"https:\/\/abcdstudy.org\/wp-content\/uploads\/2023\/11\/line.gif\" alt=\"\" width=\"42\" height=\"2\" \/><img decoding=\"async\" class=\"wp-image-13769 size-full alignright\" src=\"https:\/\/abcdstudy.org\/wp-content\/uploads\/2023\/12\/ABCD_Student-Pages_Resume-Page-ICON-Resume1-3.png\" alt=\"Globe icon\" width=\"100\" height=\"105\" \/><\/h4>\r\nLos j\u00f3venes enfrentan riesgos \u00fanicos de adicci\u00f3n a sustancias y otros da\u00f1os en comparaci\u00f3n con los adultos porque tienen los cerebros y los cuerpos a\u00fan en etapa de desarrollo. Aprende c\u00f3mo el alcohol presenta riesgos \u00fanicos para los j\u00f3venes.\r\n<ol>\r\n \t<li><strong>Datos Sobre el Consumo de Alcohol en Adolescentes<\/strong>: <a href=\"https:\/\/niaaaforteens.niaaa.nih.gov\" target=\"_blank\" rel=\"noopener\">https:\/\/niaaaforteens.niaaa.nih.gov <\/a>(en ingl\u00e9s)\r\nInformaci\u00f3n sobre c\u00f3mo el alcohol afecta la salud de los adolescentes, c\u00f3mo identificar se\u00f1ales de un problema y c\u00f3mo obtener ayuda.<\/li>\r\n \t<li><strong>Pi\u00e9nselo Antes de Beber: El Alcohol y Su Salud:<\/strong> <a href=\"https:\/\/www.niaaa.nih.gov\/sites\/default\/files\/publications\/rethinking_drinking_6x9_24pg_book-spanish_v10.pdf\" target=\"_blank\" rel=\"noopener\">https:\/\/www.niaaa.nih.gov\/sites\/default\/files\/publications\/rethinking_drinking_6x9_24pg_book-spanish_v10.pdf<\/a>\r\nInformaci\u00f3n basada en investigaciones sobre los patrones de consumo de alcohol y c\u00f3mo pueden afectar la salud.<\/li>\r\n<\/ol>\r\n<img decoding=\"async\" id=\"overdosing\" class=\"aligncenter wp-image-15289 size-full\" src=\"https:\/\/abcdstudy.org\/wp-content\/uploads\/2024\/05\/alcohol.gif\" alt=\"\" width=\"761\" height=\"368\" \/><a name=\"overdosing\"><\/a>[\/vc_column_text]<\/div><\/div><\/section><section class=\"sp-section\"><div class=\"sp-section-inner\"><div class=\"sp-section-container\">[vc_row][vc_column width=\u00bb1\/4&#8243;]<img decoding=\"async\" class=\"sp-image\" src=\"https:\/\/abcdstudy.org\/wp-content\/uploads\/2023\/11\/phone-911_2.gif\" sizes=\"(max-width: 291px) 100vw, 291px\" width=\"291\" height=\"270\"\/>[\/vc_column][vc_column width=\u00bb3\/4&#8243;][vc_column_text css=\u00bb\u00bb]\r\n<h4>Si Alguien Sufre Una Sobredosis de Drogas o Alcohol:\r\n\u00a1ACT\u00daA DE INMEDIATO!<strong>\r\n<\/strong><img decoding=\"async\" class=\"alignnone size-full wp-image-13211\" src=\"https:\/\/abcdstudy.org\/wp-content\/uploads\/2023\/11\/line.gif\" alt=\"\" width=\"42\" height=\"2\" \/><\/h4>\r\nLa sobredosis es un resultado peligroso del consumo de drogas o alcohol que ocurre cuando se ingiere una cantidad suficiente de estas sustancias para alcanzar niveles t\u00f3xicos, provocando una reacci\u00f3n grave en el cuerpo, como cambios en el ritmo card\u00edaco, la temperatura, o detener la respiraci\u00f3n.\r\n<ul>\r\n \t<li>Si crees que alguien est\u00e1 sufriendo una sobredosis o corre peligro despu\u00e9s de consumir drogas o alcohol, llama inmediatamente al 911 para que reciba atenci\u00f3n m\u00e9dica. NO dejes sola a la persona intoxicada.<\/li>\r\n \t<li>Si lo sabes, informa al respondiente de emergencia que consumi\u00f3 la persona y cuanto tom\u00f3. Dales cualquier otra informaci\u00f3n de salud que sepas, como los medicamentos que toma.<\/li>\r\n \t<li>Mant\u00e9n a la persona en el suelo en posici\u00f3n sentada o parcialmente recta para evitar ca\u00eddas. <strong>Si una persona est\u00e1 vomitando, ay\u00fadale<\/strong>: p\u00eddele que se incline hacia adelante para evitar que se ahogue . Si est\u00e1 inconsciente o acostado, g\u00edralo hacia un lado con la oreja hacia el suelo para evitar que se ahogue.<\/li>\r\n \t<li>Si alguien ha usado un <strong>opioide, hero\u00edna o un analg\u00e9sico recetado<\/strong> y muestra signos de una sobredosis, la <strong>naloxona<\/strong> en forma de aerosol nasal (Narcan) o a trav\u00e9s de inyecci\u00f3n (Enzio) puede revertir los efectos de tales drogas .<\/li>\r\n<\/ul>\r\n<img decoding=\"async\" class=\"alignnone size-full wp-image-13247\" src=\"https:\/\/abcdstudy.org\/wp-content\/uploads\/2023\/11\/spacer2.gif\" alt=\"\" width=\"40\" height=\"63\" \/>[\/vc_column_text][\/vc_column][\/vc_row][vc_row gap=\u00bb10&#8243; css=\u00bb.vc_custom_1699851614641{background-color: #eef5fb !important;}\u00bb][vc_column][vc_column_text css=\u00bb\u00bb]<strong>\u00bfNo est\u00e1s seguro de c\u00f3mo detectar una sobredosis? Lee m\u00e1s sobre emergencias y tratamientos por consumo de sustancias:<\/strong>\r\n<ul>\r\n \t<li style=\"list-style-type: none;\">\r\n<ul>\r\n \t<li><strong>Alcohol<\/strong>:\r\n<a href=\"https:\/\/niaaaforteens.niaaa.nih.gov\/getting-help#what-to-do-in-an-emergency\" target=\"_blank\" rel=\"noopener\">https:\/\/niaaaforteens.niaaa.nih.gov\/getting-help#what-to-do-in-an-emergency<\/a> (en ingl\u00e9s)<\/li>\r\n \t<li><strong>Fentanilo\/Otras Drogas:<\/strong>\r\n<a href=\"https:\/\/realdealonfentanyl.com\/es\/reduce-el-riesgo\" target=\"_blank\" rel=\"noopener\">https:\/\/realdealonfentanyl.com\/es\/reduce-el-riesgo<\/a><\/li>\r\n \t<li><strong>Acerca de la Naloxona<\/strong>:\r\n<a href=\"https:\/\/nida.nih.gov\/es\/publicaciones\/drugfacts\/naloxona\" target=\"_blank\" rel=\"noopener\">https:\/\/nida.nih.gov\/es\/publicaciones\/drugfacts\/naloxona<\/a><\/li>\r\n<\/ul>\r\n<\/li>\r\n<\/ul>\r\n<a name=\"nutrition\"><\/a>\r\n\r\n<a name=\"treatment\"><\/a>[\/vc_column_text][\/vc_column][\/vc_row]<\/div><\/div><\/section><section class=\"sp-section sp-section-lighter\"><div class=\"sp-section-inner\"><div class=\"sp-section-container\">[vc_column_text css=\u00bb\u00bb el_class=\u00bbmb-lg\u00bb]\r\n<h4>C\u00f3mo Encontrar Ayuda Para Problemas de Consumo de Drogas y Otras Sustancias<strong>\r\n<\/strong><img decoding=\"async\" class=\"alignnone size-full wp-image-13211\" src=\"https:\/\/abcdstudy.org\/wp-content\/uploads\/2023\/11\/line.gif\" alt=\"\" width=\"42\" height=\"2\" \/><\/h4>\r\nLa Administraci\u00f3n de Servicios de Salud Mental y Abuso de Sustancias (SAMHSA, por sus siglas en ingl\u00e9s) tiene una l\u00ednea directa gratuita y un sitio web donde puedes obtener informaci\u00f3n confidencial las 24 horas del d\u00eda sobre c\u00f3mo obtener ayuda para ti o tus seres queridos que tienen problemas de uso de sustancias. Ofrecen referencias a centros de tratamiento y grupos de apoyo locales.\r\n<ul>\r\n \t<li>Hay ayuda en todo el pa\u00eds las 24 horas del d\u00eda a trav\u00e9s de la L\u00ednea Nacional de Prevenci\u00f3n del Suicidio y Crisis. <strong>Marca 988 para recibir asistencia gratuita y confidencial<\/strong>.<\/li>\r\n \t<li>Llama al 1-800-662-4357 (1-800-662-HELP ) (TTY: 1-800-487-4357) o lee m\u00e1s en <a href=\"https:\/\/www.samhsa.gov\/linea-nacional-ayuda\" target=\"_blank\" rel=\"noopener\">https:\/\/www.samhsa.gov\/linea-nacional-ayuda<\/a><\/li>\r\n<\/ul>\r\n<strong>Aprende m\u00e1s sobre el tratamiento para el alcoholismo y el consumo de sustancias:<\/strong>\r\n<ul>\r\n \t<li><strong>Encuentra Tratamiento Para el Alcoholismo<\/strong>:\r\n<a href=\"https:\/\/www.niaaa.nih.gov\/sites\/default\/files\/publications\/treatmentSpanish.pdf\" target=\"_blank\" rel=\"noopener\">https:\/\/www.niaaa.nih.gov\/sites\/default\/files\/publications\/treatmentSpanish.pdf<\/a><\/li>\r\n \t<li><strong>C\u00f3mo Encontrar Tratamiento Para el Consumo de Drogas<\/strong>:\r\n<a href=\"https:\/\/findtreatment.gov\/\" target=\"_blank\" rel=\"noopener\">https:\/\/findtreatment.gov\/<\/a> (en ingl\u00e9s)<\/li>\r\n<\/ul>\r\n[\/vc_column_text]<\/div><\/div><\/section><\/div>","protected":false},"excerpt":{"rendered":"[vc_row css=\u00bb.vc_custom_1699851745471{background-color: #ecbc1c !important;}\u00bb][vc_column css=\u00bb.vc_custom_1710887330475{padding-top: 0px !important;}\u00bb][\/vc_column][\/vc_row]","protected":false},"author":4,"featured_media":0,"parent":15333,"menu_order":0,"comment_status":"closed","ping_status":"closed","template":"","meta":{"_acf_changed":false,"_monsterinsights_skip_tracking":false,"_monsterinsights_sitenote_active":false,"_monsterinsights_sitenote_note":"","_monsterinsights_sitenote_category":0,"footnotes":""},"class_list":["post-15287","page","type-page","status-publish","hentry"],"acf":[],"yoast_head":"<!-- This site is optimized with the Yoast SEO plugin v27.5 - https:\/\/yoast.com\/product\/yoast-seo-wordpress\/ -->\n<title>Informaci\u00f3n Sobre el Consumo de Sustancias - ABCD Study<\/title>\n<meta name=\"robots\" content=\"index, follow, max-snippet:-1, max-image-preview:large, max-video-preview:-1\" \/>\n<link rel=\"canonical\" href=\"https:\/\/abcdstudy.org\/es\/youth-resources\/youth-resources-prevention\/\" \/>\n<meta property=\"og:locale\" content=\"es_ES\" \/>\n<meta property=\"og:type\" content=\"article\" \/>\n<meta property=\"og:title\" content=\"Informaci\u00f3n Sobre el Consumo de Sustancias - ABCD Study\" \/>\n<meta property=\"og:description\" content=\"[vc_row css=\u00bb.vc_custom_1699851745471{background-color: #ecbc1c !important;}\u00bb][vc_column css=\u00bb.vc_custom_1710887330475{padding-top: 0px !important;}\u00bb][\/vc_column][\/vc_row]\" \/>\n<meta property=\"og:url\" content=\"https:\/\/abcdstudy.org\/es\/youth-resources\/youth-resources-prevention\/\" \/>\n<meta property=\"og:site_name\" content=\"ABCD Study\" \/>\n<meta property=\"article:modified_time\" content=\"2026-01-15T22:03:11+00:00\" \/>\n<meta property=\"og:image\" content=\"https:\/\/abcdstudy.org\/wp-content\/uploads\/2023\/11\/line.gif\" \/>\n<meta name=\"twitter:card\" content=\"summary_large_image\" \/>\n<meta name=\"twitter:label1\" content=\"Tiempo de lectura\" \/>\n\t<meta name=\"twitter:data1\" content=\"7 minutos\" \/>\n<script type=\"application\/ld+json\" class=\"yoast-schema-graph\">{\"@context\":\"https:\\\/\\\/schema.org\",\"@graph\":[{\"@type\":\"WebPage\",\"@id\":\"https:\\\/\\\/abcdstudy.org\\\/es\\\/youth-resources\\\/youth-resources-prevention\\\/\",\"url\":\"https:\\\/\\\/abcdstudy.org\\\/es\\\/youth-resources\\\/youth-resources-prevention\\\/\",\"name\":\"Informaci\u00f3n Sobre el Consumo de Sustancias - ABCD Study\",\"isPartOf\":{\"@id\":\"https:\\\/\\\/abcdstudy.org\\\/#website\"},\"primaryImageOfPage\":{\"@id\":\"https:\\\/\\\/abcdstudy.org\\\/es\\\/youth-resources\\\/youth-resources-prevention\\\/#primaryimage\"},\"image\":{\"@id\":\"https:\\\/\\\/abcdstudy.org\\\/es\\\/youth-resources\\\/youth-resources-prevention\\\/#primaryimage\"},\"thumbnailUrl\":\"https:\\\/\\\/abcdstudy.org\\\/wp-content\\\/uploads\\\/2023\\\/11\\\/line.gif\",\"datePublished\":\"2023-11-13T01:00:09+00:00\",\"dateModified\":\"2026-01-15T22:03:11+00:00\",\"breadcrumb\":{\"@id\":\"https:\\\/\\\/abcdstudy.org\\\/es\\\/youth-resources\\\/youth-resources-prevention\\\/#breadcrumb\"},\"inLanguage\":\"es\",\"potentialAction\":[{\"@type\":\"ReadAction\",\"target\":[\"https:\\\/\\\/abcdstudy.org\\\/es\\\/youth-resources\\\/youth-resources-prevention\\\/\"]}]},{\"@type\":\"ImageObject\",\"inLanguage\":\"es\",\"@id\":\"https:\\\/\\\/abcdstudy.org\\\/es\\\/youth-resources\\\/youth-resources-prevention\\\/#primaryimage\",\"url\":\"https:\\\/\\\/abcdstudy.org\\\/wp-content\\\/uploads\\\/2023\\\/11\\\/line.gif\",\"contentUrl\":\"https:\\\/\\\/abcdstudy.org\\\/wp-content\\\/uploads\\\/2023\\\/11\\\/line.gif\"},{\"@type\":\"BreadcrumbList\",\"@id\":\"https:\\\/\\\/abcdstudy.org\\\/es\\\/youth-resources\\\/youth-resources-prevention\\\/#breadcrumb\",\"itemListElement\":[{\"@type\":\"ListItem\",\"position\":1,\"name\":\"Home\",\"item\":\"https:\\\/\\\/abcdstudy.org\\\/es\\\/\"},{\"@type\":\"ListItem\",\"position\":2,\"name\":\"Recursos\",\"item\":\"https:\\\/\\\/abcdstudy.org\\\/es\\\/youth-resources\\\/\"},{\"@type\":\"ListItem\",\"position\":3,\"name\":\"Informaci\u00f3n Sobre el Consumo de Sustancias\"}]},{\"@type\":\"WebSite\",\"@id\":\"https:\\\/\\\/abcdstudy.org\\\/#website\",\"url\":\"https:\\\/\\\/abcdstudy.org\\\/\",\"name\":\"ABCD Study\",\"description\":\"\",\"potentialAction\":[{\"@type\":\"SearchAction\",\"target\":{\"@type\":\"EntryPoint\",\"urlTemplate\":\"https:\\\/\\\/abcdstudy.org\\\/?s={search_term_string}\"},\"query-input\":{\"@type\":\"PropertyValueSpecification\",\"valueRequired\":true,\"valueName\":\"search_term_string\"}}],\"inLanguage\":\"es\"}]}<\/script>\n<!-- \/ Yoast SEO plugin. -->","yoast_head_json":{"title":"Informaci\u00f3n Sobre el Consumo de Sustancias - ABCD Study","robots":{"index":"index","follow":"follow","max-snippet":"max-snippet:-1","max-image-preview":"max-image-preview:large","max-video-preview":"max-video-preview:-1"},"canonical":"https:\/\/abcdstudy.org\/es\/youth-resources\/youth-resources-prevention\/","og_locale":"es_ES","og_type":"article","og_title":"Informaci\u00f3n Sobre el Consumo de Sustancias - ABCD Study","og_description":"[vc_row css=\u00bb.vc_custom_1699851745471{background-color: #ecbc1c !important;}\u00bb][vc_column css=\u00bb.vc_custom_1710887330475{padding-top: 0px !important;}\u00bb][\/vc_column][\/vc_row]","og_url":"https:\/\/abcdstudy.org\/es\/youth-resources\/youth-resources-prevention\/","og_site_name":"ABCD Study","article_modified_time":"2026-01-15T22:03:11+00:00","og_image":[{"url":"https:\/\/abcdstudy.org\/wp-content\/uploads\/2023\/11\/line.gif","type":"","width":"","height":""}],"twitter_card":"summary_large_image","twitter_misc":{"Tiempo de lectura":"7 minutos"},"schema":{"@context":"https:\/\/schema.org","@graph":[{"@type":"WebPage","@id":"https:\/\/abcdstudy.org\/es\/youth-resources\/youth-resources-prevention\/","url":"https:\/\/abcdstudy.org\/es\/youth-resources\/youth-resources-prevention\/","name":"Informaci\u00f3n Sobre el Consumo de Sustancias - ABCD Study","isPartOf":{"@id":"https:\/\/abcdstudy.org\/#website"},"primaryImageOfPage":{"@id":"https:\/\/abcdstudy.org\/es\/youth-resources\/youth-resources-prevention\/#primaryimage"},"image":{"@id":"https:\/\/abcdstudy.org\/es\/youth-resources\/youth-resources-prevention\/#primaryimage"},"thumbnailUrl":"https:\/\/abcdstudy.org\/wp-content\/uploads\/2023\/11\/line.gif","datePublished":"2023-11-13T01:00:09+00:00","dateModified":"2026-01-15T22:03:11+00:00","breadcrumb":{"@id":"https:\/\/abcdstudy.org\/es\/youth-resources\/youth-resources-prevention\/#breadcrumb"},"inLanguage":"es","potentialAction":[{"@type":"ReadAction","target":["https:\/\/abcdstudy.org\/es\/youth-resources\/youth-resources-prevention\/"]}]},{"@type":"ImageObject","inLanguage":"es","@id":"https:\/\/abcdstudy.org\/es\/youth-resources\/youth-resources-prevention\/#primaryimage","url":"https:\/\/abcdstudy.org\/wp-content\/uploads\/2023\/11\/line.gif","contentUrl":"https:\/\/abcdstudy.org\/wp-content\/uploads\/2023\/11\/line.gif"},{"@type":"BreadcrumbList","@id":"https:\/\/abcdstudy.org\/es\/youth-resources\/youth-resources-prevention\/#breadcrumb","itemListElement":[{"@type":"ListItem","position":1,"name":"Home","item":"https:\/\/abcdstudy.org\/es\/"},{"@type":"ListItem","position":2,"name":"Recursos","item":"https:\/\/abcdstudy.org\/es\/youth-resources\/"},{"@type":"ListItem","position":3,"name":"Informaci\u00f3n Sobre el Consumo de Sustancias"}]},{"@type":"WebSite","@id":"https:\/\/abcdstudy.org\/#website","url":"https:\/\/abcdstudy.org\/","name":"ABCD Study","description":"","potentialAction":[{"@type":"SearchAction","target":{"@type":"EntryPoint","urlTemplate":"https:\/\/abcdstudy.org\/?s={search_term_string}"},"query-input":{"@type":"PropertyValueSpecification","valueRequired":true,"valueName":"search_term_string"}}],"inLanguage":"es"}]}},"_links":{"self":[{"href":"https:\/\/abcdstudy.org\/es\/wp-json\/wp\/v2\/pages\/15287","targetHints":{"allow":["GET"]}}],"collection":[{"href":"https:\/\/abcdstudy.org\/es\/wp-json\/wp\/v2\/pages"}],"about":[{"href":"https:\/\/abcdstudy.org\/es\/wp-json\/wp\/v2\/types\/page"}],"author":[{"embeddable":true,"href":"https:\/\/abcdstudy.org\/es\/wp-json\/wp\/v2\/users\/4"}],"replies":[{"embeddable":true,"href":"https:\/\/abcdstudy.org\/es\/wp-json\/wp\/v2\/comments?post=15287"}],"version-history":[{"count":0,"href":"https:\/\/abcdstudy.org\/es\/wp-json\/wp\/v2\/pages\/15287\/revisions"}],"up":[{"embeddable":true,"href":"https:\/\/abcdstudy.org\/es\/wp-json\/wp\/v2\/pages\/15333"}],"wp:attachment":[{"href":"https:\/\/abcdstudy.org\/es\/wp-json\/wp\/v2\/media?parent=15287"}],"curies":[{"name":"wp","href":"https:\/\/api.w.org\/{rel}","templated":true}]}}